{"id":1030,"date":"2016-06-06T09:22:20","date_gmt":"2016-06-06T08:22:20","guid":{"rendered":"http:\/\/grapfig.net\/?page_id=1030"},"modified":"2022-06-05T08:23:31","modified_gmt":"2022-06-05T07:23:31","slug":"accueil-a-completer","status":"publish","type":"page","link":"https:\/\/grapfig.net\/","title":{"rendered":""},"content":{"rendered":"\n<figure class=\"wp-block-table\"><table class=\"has-fixed-layout\"><tbody><tr><td><div id=\"metaslider-id-1037\" style=\"max-width: 200px;\" class=\"ml-slider-3-108-0 metaslider metaslider-flex metaslider-1037 ml-slider ms-theme-default nav-hidden\" role=\"region\" aria-label=\"Association\" data-height=\"200\" data-width=\"200\">\n    <div id=\"metaslider_container_1037\">\n        <div id=\"metaslider_1037\">\n            <ul class='slides'>\n                <li style=\"display: block; width: 100%;\" class=\"slide-200 ms-image \" aria-roledescription=\"slide\" data-date=\"2016-04-21 13:25:47\" data-filename=\"Photo_Grapfig_mai_10-009-200x200.jpg\" data-slide-type=\"image\"><a href=\"http:\/\/grapfig.net\/?page_id=2\" target=\"_self\" aria-label=\"Voir les d\u00e9tails de la diapositive\" class=\"metaslider_image_link\"><img loading=\"lazy\" decoding=\"async\" src=\"https:\/\/grapfig.net\/wp-content\/uploads\/2016\/04\/Photo_Grapfig_mai_10-009-200x200.jpg\" height=\"200\" width=\"200\" alt=\"\" class=\"slider-1037 slide-200 msDefaultImage\" \/><\/a><div class=\"caption-wrap\"><div class=\"caption\">L'association<\/div><\/div><\/li>\n            <\/ul>\n        <\/div>\n        \n    <\/div>\n<\/div><\/td><td><div id=\"metaslider-id-1036\" style=\"max-width: 200px;\" class=\"ml-slider-3-108-0 metaslider metaslider-flex metaslider-1036 ml-slider ms-theme-default nav-hidden nav-hidden\" role=\"region\" aria-label=\"Mar\u00e9e fraternelle\" data-height=\"200\" data-width=\"200\">\n    <div id=\"metaslider_container_1036\">\n        <div id=\"metaslider_1036\">\n            <ul class='slides'>\n                <li style=\"display: block; width: 100%;\" class=\"slide-1088 ms-image \" aria-roledescription=\"slide\" data-date=\"2016-06-06 11:33:02\" data-filename=\"etiquettes-200x200.jpg\" data-slide-type=\"image\"><a href=\"http:\/\/grapfig.net\/?page_id=10\" target=\"_self\" aria-label=\"Voir les d\u00e9tails de la diapositive\" class=\"metaslider_image_link\"><img loading=\"lazy\" decoding=\"async\" src=\"https:\/\/grapfig.net\/wp-content\/uploads\/2016\/06\/etiquettes-200x200.jpg\" height=\"200\" width=\"200\" alt=\"\" class=\"slider-1036 slide-1088 msDefaultImage\" \/><\/a><div class=\"caption-wrap\"><div class=\"caption\">La Mar\u00e9e Fraternelle<\/div><\/div><\/li>\n            <\/ul>\n        <\/div>\n        \n    <\/div>\n<\/div><\/td><td><div id=\"metaslider-id-1692\" style=\"max-width: 200px;\" class=\"ml-slider-3-108-0 metaslider metaslider-flex metaslider-1692 ml-slider ms-theme-default nav-hidden nav-hidden nav-hidden\" role=\"region\" aria-label=\"Ludi Compta\" data-height=\"200\" data-width=\"200\">\n    <div id=\"metaslider_container_1692\">\n        <div id=\"metaslider_1692\">\n            <ul class='slides'>\n                <li style=\"display: block; width: 100%;\" class=\"slide-1693 ms-image \" aria-roledescription=\"slide\" data-date=\"2019-05-22 18:51:18\" data-filename=\"IMG_8586-scaled-200x200.jpg\" data-slide-type=\"image\"><a href=\"http:\/\/grapfig.net\/?page_id=1690\" target=\"_self\" aria-label=\"Voir les d\u00e9tails de la diapositive\" class=\"metaslider_image_link\"><img loading=\"lazy\" decoding=\"async\" src=\"https:\/\/grapfig.net\/wp-content\/uploads\/2019\/05\/IMG_8586-scaled-200x200.jpg\" height=\"200\" width=\"200\" alt=\"\" class=\"slider-1692 slide-1693 msDefaultImage\" title=\"IMG_8586\" \/><\/a><div class=\"caption-wrap\"><div class=\"caption\">Ludi-Compta<\/div><\/div><\/li>\n            <\/ul>\n        <\/div>\n        \n    <\/div>\n<\/div><\/td><\/tr><tr><td>Tout savoir sur l&#8217;association et ses membres<\/td><td>Un jeu de d\u00e9couverte du syst\u00e8me d&#8217;information comptable<\/td><td>Plusieurs jeux pour s&#8217;approprier les notions de base de la comptabilit\u00e9 en s&#8217;amusant<\/td><\/tr><tr><td><div id=\"metaslider-id-1697\" style=\"max-width: 200px;\" class=\"ml-slider-3-108-0 metaslider metaslider-flex metaslider-1697 ml-slider ms-theme-default nav-hidden nav-hidden nav-hidden nav-hidden\" role=\"region\" aria-label=\"Koot-Foot\" data-height=\"200\" data-width=\"200\">\n    <div id=\"metaslider_container_1697\">\n        <div id=\"metaslider_1697\">\n            <ul class='slides'>\n                <li style=\"display: block; width: 100%;\" class=\"slide-1698 ms-image \" aria-roledescription=\"slide\" data-date=\"2019-05-22 18:59:52\" data-filename=\"IMG_8602-1-e1683965758467-scaled-200x200.jpg\" data-slide-type=\"image\"><a href=\"https:\/\/grapfig.net\/?page_id=1700\" target=\"_self\" aria-label=\"Voir les d\u00e9tails de la diapositive\" class=\"metaslider_image_link\"><img loading=\"lazy\" decoding=\"async\" src=\"https:\/\/grapfig.net\/wp-content\/uploads\/2019\/05\/IMG_8602-1-e1683965758467-scaled-200x200.jpg\" height=\"200\" width=\"200\" alt=\"\" class=\"slider-1697 slide-1698 msDefaultImage\" title=\"IMG_8602\" \/><\/a><div class=\"caption-wrap\"><div class=\"caption\">Koot-Foot<\/div><\/div><\/li>\n            <\/ul>\n        <\/div>\n        \n    <\/div>\n<\/div><\/td><td><div id=\"metaslider-id-1034\" style=\"max-width: 200px;\" class=\"ml-slider-3-108-0 metaslider metaslider-flex metaslider-1034 ml-slider ms-theme-default nav-hidden nav-hidden nav-hidden nav-hidden nav-hidden\" role=\"region\" aria-label=\"Productions\" data-height=\"200\" data-width=\"200\">\n    <div id=\"metaslider_container_1034\">\n        <div id=\"metaslider_1034\">\n            <ul class='slides'>\n                <li style=\"display: block; width: 100%;\" class=\"slide-1047 ms-image \" aria-roledescription=\"slide\" data-date=\"2016-06-06 10:34:25\" data-filename=\"Nuage-200x200.png\" data-slide-type=\"image\"><a href=\"http:\/\/grapfig.net\/?page_id=16\" target=\"_self\" aria-label=\"Voir les d\u00e9tails de la diapositive\" class=\"metaslider_image_link\"><img loading=\"lazy\" decoding=\"async\" src=\"https:\/\/grapfig.net\/wp-content\/uploads\/2016\/06\/Nuage-200x200.png\" height=\"200\" width=\"200\" alt=\"\" class=\"slider-1034 slide-1047 msDefaultImage\" \/><\/a><div class=\"caption-wrap\"><div class=\"caption\">Productions p\u00e9dagogiques<\/div><\/div><\/li>\n            <\/ul>\n        <\/div>\n        \n    <\/div>\n<\/div><\/td><td><div id=\"metaslider-id-1954\" style=\"max-width: 200px;\" class=\"ml-slider-3-108-0 metaslider metaslider-flex metaslider-1954 ml-slider ms-theme-default nav-hidden nav-hidden nav-hidden nav-hidden nav-hidden nav-hidden\" role=\"region\" aria-label=\"Brasserie des sommets\" data-height=\"200\" data-width=\"200\">\n    <div id=\"metaslider_container_1954\">\n        <div id=\"metaslider_1954\">\n            <ul class='slides'>\n                <li style=\"display: block; width: 100%;\" class=\"slide-1956 ms-image \" aria-roledescription=\"slide\" data-date=\"2022-06-05 08:20:38\" data-filename=\"BrasserieSommets-162x162.jpg\" data-slide-type=\"image\"><a href=\"https:\/\/grapfig.net\/?page_id=1926\" target=\"_self\" aria-label=\"Voir les d\u00e9tails de la diapositive\" class=\"metaslider_image_link\"><img loading=\"lazy\" decoding=\"async\" src=\"https:\/\/grapfig.net\/wp-content\/uploads\/2022\/06\/BrasserieSommets-162x162.jpg\" height=\"200\" width=\"200\" alt=\"\" class=\"slider-1954 slide-1956 msDefaultImage\" title=\"BrasserieSommets\" \/><\/a><div class=\"caption-wrap\"><div class=\"caption\">Brasserie des sommets<\/div><\/div><\/li>\n            <\/ul>\n        <\/div>\n        \n    <\/div>\n<\/div><\/td><\/tr><tr><td>Un jeu de d\u00e9couverte de l&#8217;analyse des co\u00fbts<\/td><td>Des applications p\u00e9dagogiques en gestion financi\u00e8re<\/td><td>Une SA\u00e9 du BUT GEA<\/td><\/tr><\/tbody><\/table><\/figure>\n","protected":false},"excerpt":{"rendered":"<p>Tout savoir sur l&#8217;association et ses membres Un jeu de d\u00e9couverte du syst\u00e8me d&#8217;information comptable Plusieurs jeux pour s&#8217;approprier les notions de base de la comptabilit\u00e9 en s&#8217;amusant Un jeu de d\u00e9couverte de l&#8217;analyse des co\u00fbts Des applications p\u00e9dagogiques en gestion financi\u00e8re Une SA\u00e9 du BUT GEA <a class=\"continue-reading-link\" href=\"https:\/\/grapfig.net\/\">Continue reading<\/a><\/p>\n","protected":false},"author":1,"featured_media":0,"parent":0,"menu_order":0,"comment_status":"closed","ping_status":"closed","template":"","meta":{"ngg_post_thumbnail":0,"footnotes":""},"folder":[],"class_list":["post-1030","page","type-page","status-publish","hentry"],"_links":{"self":[{"href":"https:\/\/grapfig.net\/index.php?rest_route=\/wp\/v2\/pages\/1030","targetHints":{"allow":["GET"]}}],"collection":[{"href":"https:\/\/grapfig.net\/index.php?rest_route=\/wp\/v2\/pages"}],"about":[{"href":"https:\/\/grapfig.net\/index.php?rest_route=\/wp\/v2\/types\/page"}],"author":[{"embeddable":true,"href":"https:\/\/grapfig.net\/index.php?rest_route=\/wp\/v2\/users\/1"}],"replies":[{"embeddable":true,"href":"https:\/\/grapfig.net\/index.php?rest_route=%2Fwp%2Fv2%2Fcomments&post=1030"}],"version-history":[{"count":30,"href":"https:\/\/grapfig.net\/index.php?rest_route=\/wp\/v2\/pages\/1030\/revisions"}],"predecessor-version":[{"id":2701,"href":"https:\/\/grapfig.net\/index.php?rest_route=\/wp\/v2\/pages\/1030\/revisions\/2701"}],"wp:attachment":[{"href":"https:\/\/grapfig.net\/index.php?rest_route=%2Fwp%2Fv2%2Fmedia&parent=1030"}],"wp:term":[{"taxonomy":"folder","embeddable":true,"href":"https:\/\/grapfig.net\/index.php?rest_route=%2Fwp%2Fv2%2Ffolder&post=1030"}],"curies":[{"name":"wp","href":"https:\/\/api.w.org\/{rel}","templated":true}]}}