{"id":16,"date":"2016-04-20T13:59:01","date_gmt":"2016-04-20T12:59:01","guid":{"rendered":"http:\/\/grapfig.net\/?page_id=16"},"modified":"2024-07-21T08:57:08","modified_gmt":"2024-07-21T07:57:08","slug":"autres-productions","status":"publish","type":"page","link":"https:\/\/grapfig.net\/?page_id=16","title":{"rendered":"Nos productions"},"content":{"rendered":"\n<figure class=\"wp-block-table is-style-stripes\"><table class=\"has-fixed-layout\"><thead><tr><th>Domaine<\/th><th>En vente sur<br>notre site<\/th><th>Accessible via<br>nos partenaires<\/th><\/tr><\/thead><tbody><tr><td>Comptabilit\u00e9 financi\u00e8re<\/td><td><a href=\"https:\/\/grapfig.net\/?page_id=10\">Mar\u00e9e fraternelle<\/a><br><a href=\"https:\/\/grapfig.net\/?page_id=14\">Mar\u00e9e +<\/a><br><a href=\"http:\/\/grapfig.net\/?page_id=1690\">Ludi Compta<\/a><br><a href=\"https:\/\/grapfig.net\/?page_id=1775\">Muscles &amp; Fit<\/a><br><a href=\"https:\/\/grapfig.net\/?page_id=1926\">Brasserie des sommets<\/a><\/td><td>Fa-Si-La-Konta (1)<br>Debussy &#8211; Variation de stock (2)<\/td><\/tr><tr><td>Gestion financi\u00e8re<\/td><td><a href=\"https:\/\/grapfig.net\/?page_id=3154\">Mon camion \u00e0 pizza<\/a><\/td><td>Stock flux(3)<br>Simulo (2)<br>Finafromage (2)<br><\/td><\/tr><tr><td>Contr\u00f4le de gestion<\/td><td><a href=\"https:\/\/grapfig.net\/?page_id=1700\">Koot Foot<\/a><\/td><td>Simul&#8217;Thon (2)<br>Chateau Montal (2)<\/td><\/tr><\/tbody><\/table><\/figure>\n\n\n\n<ol class=\"wp-block-list\">\n<li><a href=\"https:\/\/www.iutenligne.net\/\">IUT en ligne<\/a><\/li>\n\n\n\n<li><a href=\"https:\/\/www.centrale-iut.net\/\">Centrale des IUT<\/a><\/li>\n\n\n\n<li><a href=\"https:\/\/www.e-miage.fr\/site_emiage_public\/\">E MIAGE<\/a><\/li>\n<\/ol>\n\n\n\n<p><br>D&#8217;autres cas sont en construction et\/ou r\u00e9serv\u00e9s \u00e0 nos membres.<\/p>\n\n\n\n<div class=\"wp-block-columns is-layout-flex wp-container-core-columns-is-layout-9d6595d7 wp-block-columns-is-layout-flex\">\n<div class=\"wp-block-column is-layout-flow wp-block-column-is-layout-flow\">\n<ul class=\"wp-block-list\">\n<li>Canard&#8217;Oc<\/li>\n\n\n\n<li>Cas SAGE<\/li>\n\n\n\n<li>Cr\u00e9a Flux<\/li>\n\n\n\n<li>MarOcean<\/li>\n\n\n\n<li>KartOVert<\/li>\n<\/ul>\n<\/div>\n\n\n\n<div class=\"wp-block-column is-layout-flow wp-block-column-is-layout-flow\">\n<ul class=\"wp-block-list\">\n<li>Budget Thon<\/li>\n\n\n\n<li>Les eaux vives<\/li>\n\n\n\n<li>Repart Charges<\/li>\n\n\n\n<li>Exercices d\u00e9guis\u00e9s<\/li>\n<\/ul>\n<\/div>\n<\/div>\n","protected":false},"excerpt":{"rendered":"<p>Domaine En vente surnotre site Accessible vianos partenaires Comptabilit\u00e9 financi\u00e8re Mar\u00e9e fraternelleMar\u00e9e +Ludi ComptaMuscles &amp; FitBrasserie des sommets Fa-Si-La-Konta (1)Debussy &#8211; Variation de stock (2) Gestion financi\u00e8re Mon camion \u00e0 pizza Stock flux(3)Simulo (2)Finafromage (2) Contr\u00f4le de gestion Koot Foot Simul&#8217;Thon (2)Chateau Montal (2) D&#8217;autres cas sont en construction et\/ou\u2026 <a class=\"continue-reading-link\" href=\"https:\/\/grapfig.net\/?page_id=16\">Continue reading<\/a><\/p>\n","protected":false},"author":1,"featured_media":0,"parent":0,"menu_order":2,"comment_status":"closed","ping_status":"closed","template":"","meta":{"ngg_post_thumbnail":0,"footnotes":""},"folder":[],"class_list":["post-16","page","type-page","status-publish","hentry"],"_links":{"self":[{"href":"https:\/\/grapfig.net\/index.php?rest_route=\/wp\/v2\/pages\/16","targetHints":{"allow":["GET"]}}],"collection":[{"href":"https:\/\/grapfig.net\/index.php?rest_route=\/wp\/v2\/pages"}],"about":[{"href":"https:\/\/grapfig.net\/index.php?rest_route=\/wp\/v2\/types\/page"}],"author":[{"embeddable":true,"href":"https:\/\/grapfig.net\/index.php?rest_route=\/wp\/v2\/users\/1"}],"replies":[{"embeddable":true,"href":"https:\/\/grapfig.net\/index.php?rest_route=%2Fwp%2Fv2%2Fcomments&post=16"}],"version-history":[{"count":33,"href":"https:\/\/grapfig.net\/index.php?rest_route=\/wp\/v2\/pages\/16\/revisions"}],"predecessor-version":[{"id":3156,"href":"https:\/\/grapfig.net\/index.php?rest_route=\/wp\/v2\/pages\/16\/revisions\/3156"}],"wp:attachment":[{"href":"https:\/\/grapfig.net\/index.php?rest_route=%2Fwp%2Fv2%2Fmedia&parent=16"}],"wp:term":[{"taxonomy":"folder","embeddable":true,"href":"https:\/\/grapfig.net\/index.php?rest_route=%2Fwp%2Fv2%2Ffolder&post=16"}],"curies":[{"name":"wp","href":"https:\/\/api.w.org\/{rel}","templated":true}]}}