{"id":1690,"date":"2019-05-22T18:49:33","date_gmt":"2019-05-22T17:49:33","guid":{"rendered":"http:\/\/grapfig.net\/?page_id=1690"},"modified":"2023-05-13T11:52:32","modified_gmt":"2023-05-13T10:52:32","slug":"ludi-compta","status":"publish","type":"page","link":"https:\/\/grapfig.net\/?page_id=1690","title":{"rendered":"Ludi-Compta"},"content":{"rendered":"\n<p>Depuis de nombreuses ann\u00e9es, le GRAPFIG con\u00e7oit et\nr\u00e9alise des jeux et des cas originaux d\u2019initiation \u00e0 la comptabilit\u00e9 et \u00e0 la\ngestion, notamment le \u00ab&nbsp;jeu de plateau&nbsp;\u00bb <em>La mar\u00e9e fraternelle<\/em>. Initialement utilis\u00e9s dans les d\u00e9partements\ntertiaires des IUT et cycles classiques universitaires, ces jeux sont d\u00e9sormais\n\u00e9galement largement diffus\u00e9s dans les \u00e9coles d\u2019ing\u00e9nieurs, les lyc\u00e9es et les\norganismes de formation. <\/p>\n\n\n\n<p>Le kit\nLudi-Compta regroupe 4 jeux (Muscles &amp; Fit, Bingo du PCG, Comptaline\nd\u00e9butant, Les 7 familles) destin\u00e9s \u00e0 favoriser la compr\u00e9hension et\nl\u2019apprentissage des notions de base de la comptabilit\u00e9&nbsp;: contenu du bilan\net du compte de r\u00e9sultat, distinction b\u00e9n\u00e9fice\/tr\u00e9sorerie, num\u00e9rotation des\ncomptes, etc. Il contient aussi un plan comptable simplifi\u00e9. On retrouve les\nm\u00eames codes couleurs et symboles dans les jeux et le plan comptable simplifi\u00e9,\npermettant ainsi de cr\u00e9er des rep\u00e8res visuels pour les \u00e9tudiants.<\/p>\n\n\n\n<p>Dot\u00e9s de r\u00e8gles simples, rapides \u00e0 mettre en \u0153uvre et de dur\u00e9e variable, ces jeux \u00ab&nbsp;glam&nbsp;\u00bb sauront s\u00e9duire tous les publics&nbsp;!<\/p>\n\n\n\n<h2 class=\"wp-block-heading\"><strong>DIAPORAMA DE PRESENTATION DU KIT LUDI-COMPTA : <a href=\"http:\/\/grapfig.net\/wp-content\/uploads\/2021\/06\/Presentation-Kit-Ludi-Compta.pdf\" target=\"_blank\" rel=\"noreferrer noopener\">Ici<\/a><\/strong><\/h2>\n\n\n\n<h2 class=\"wp-block-heading\"><strong>OBJECTIF P\u00c9DAGOGIQUE<\/strong><\/h2>\n\n\n\n<h3 class=\"wp-block-heading\"><strong>Muscles &amp; Fit<\/strong><\/h3>\n\n\n\n<p>Niveau&nbsp;: d\u00e9butant<\/p>\n\n\n\n<p>Connaissances travaill\u00e9es : contenu du bilan et du\ncompte de r\u00e9sultat, distinction b\u00e9n\u00e9fice \/ tr\u00e9sorerie.<\/p>\n\n\n\n<p>Les joueurs doivent \u00e9tablir le bilan et le compte de\nr\u00e9sultat d\u2019une entreprise (salle de musculation) \u00e0 partir d\u2019un \u00e9nonc\u00e9 commun\ncompl\u00e9t\u00e9 par des cartes tir\u00e9es al\u00e9atoirement. Les donn\u00e9es ont \u00e9t\u00e9 choisies de\nfa\u00e7on \u00e0 ce que certaines entreprises aient un b\u00e9n\u00e9fice important mais une\ntr\u00e9sorerie faible, alors que d\u2019autres auront une tr\u00e9sorerie importante mais un\nb\u00e9n\u00e9fice faible. Il est \u00e9galement possible de travailler \u00e0 l\u2019envers et de\nretrouver les donn\u00e9es \u00e0 partir d\u2019un bilan et d\u2019un compte de r\u00e9sultat\npr\u00e9alablement \u00e9tabli.<\/p>\n\n\n\n<p>Il s\u2019agit d\u2019un exercice \u00ab&nbsp;classique&nbsp;\u00bb mais\nson habillage ludique permet une bien meilleure implication des \u00e9tudiants.<\/p>\n\n\n\n<p>Ce jeu convient aussi bien aux \u00e9tudiants de fili\u00e8res\nde gestion qu\u2019aux non sp\u00e9cialistes de la gestion.<\/p>\n\n\n\n<h3 class=\"wp-block-heading\"><strong>Bingo du PCG <\/strong><\/h3>\n\n\n\n<p>Niveau&nbsp;: d\u00e9butant&nbsp;; <\/p>\n\n\n\n<p>Connaissances travaill\u00e9es : contenu des 7 classes de\ncomptes et principales sous-rubriques des classes 4 et 6.<\/p>\n\n\n\n<p>Sur la base d\u2019un fonctionnement proche de celui du Bingo, les joueurs, pour gagner, doivent m\u00e9moriser les intitul\u00e9s et les principaux num\u00e9ros de compte.<\/p>\n\n\n\n<h3 class=\"wp-block-heading\"><strong>Comptaline d\u00e9butant<\/strong><\/h3>\n\n\n\n<p>Niveau&nbsp;: d\u00e9butant<\/p>\n\n\n\n<p>Connaissances travaill\u00e9es : m\u00e9morisation de 15 comptes\nfr\u00e9quemment utilis\u00e9s, structure de la liste de comptes.<\/p>\n\n\n\n<p>Ce jeu de cartes se joue en deux manches. La premi\u00e8re\nmanche consiste \u00e0 placer les comptes dans l\u2019ordre du PCG en r\u00e9fl\u00e9chissant sur\nleurs caract\u00e9ristiques. La deuxi\u00e8me manche consiste \u00e0 retrouver les intitul\u00e9s \u00e0\npartir des num\u00e9ros de compte.<\/p>\n\n\n\n<h3 class=\"wp-block-heading\"><strong>Les 7 familles<\/strong><\/h3>\n\n\n\n<p>Niveau&nbsp;: d\u00e9butant\/interm\u00e9diaire<\/p>\n\n\n\n<p>Connaissances travaill\u00e9es : contenu et fonctionnement\ndes 7 classes de comptes, comptes les plus fr\u00e9quemment utilis\u00e9s.<\/p>\n\n\n\n<p>Le but de ce jeu de cartes est de reconstituer le plus\nde familles possibles&nbsp;: ici les 7 familles correspondent aux 7 classes de\ncomptes du PCG. <\/p>\n\n\n\n<h2 class=\"wp-block-heading\"><strong>PUBLIC CIBLE<\/strong><\/h2>\n\n\n\n<ul class=\"wp-block-list\">\n<li>El\u00e8ves des lyc\u00e9es, \u00e9tudiants en      formation initiale des fili\u00e8res de gestion (bac technologique, bac      professionnel, BTS, BUT, Licence Professionnelle, Ecole de commerce etc \u2026)<\/li>\n\n\n\n<li>Auditeurs de la formation\n     continue inscrits dans un cycle d\u2019initiation \u00e0 la comptabilit\u00e9.<\/li>\n\n\n\n<li>Non sp\u00e9cialistes de la gestion, curieux de d\u00e9couvrir les principes comptables (Ecole d\u2019Ing\u00e9nieurs, Master Scientifique\u2026).<\/li>\n<\/ul>\n\n\n\n<h2 class=\"wp-block-heading\"><strong>NIVEAU REQUIS ET SUGGESTIONS\nD\u2019UTILISATION<\/strong><\/h2>\n\n\n\n<p>Ces jeux correspondent au niveau d\u00e9butant et peuvent\n\u00eatre utilis\u00e9s apr\u00e8s les tout premiers cours de comptabilit\u00e9 dans le cadre\nd\u2019applications du cours ou bien de r\u00e9vision.<\/p>\n\n\n\n<p>Ils permettent \u00e9galement de g\u00e9rer l\u2019h\u00e9t\u00e9rog\u00e9n\u00e9it\u00e9\nd\u2019une classe et de tirer parti de cr\u00e9neaux horaires peu propices aux\napprentissages traditionnels&nbsp;: apr\u00e8s un examen compliqu\u00e9 par exemple, ou \u00e0\nla veille d\u2019un d\u00e9part en vacances.<\/p>\n\n\n\n<p>Ils peuvent aussi \u00eatre utilis\u00e9s en groupes de soutien pour\nfaire \u00ab&nbsp;travailler autrement&nbsp;\u00bb des \u00e9tudiants en difficult\u00e9.<\/p>\n\n\n\n<p>Dans tous les cas, il peut \u00eatre int\u00e9ressant de faire\njouer les \u00e9tudiants non pas individuellement mais en bin\u00f4me, afin de favoriser\nles \u00e9changes et la r\u00e9flexion.<\/p>\n\n\n\n<h2 class=\"wp-block-heading\"><strong>CONDITIONS DE VENTE<\/strong><\/h2>\n\n\n\n<p>Le kit Ludi-Compta\nregroupe dans une mallette 4 jeux compl\u00e9mentaires. (Muscles &amp; Fit, Bingo du\nPCG, Comptaline d\u00e9butant, Les 7 familles), ainsi qu\u2019un plan comptable\nsimplifi\u00e9. Chacun est fourni avec les r\u00e8gles d\u00e9taill\u00e9es \u00e0 distribuer aux\napprenants et une notice p\u00e9dagogique destin\u00e9e \u00e0 l\u2019animateur.<\/p>\n\n\n\n<p>Une mallette compl\u00e8te comprend plusieurs exemplaires des jeux afin de faire jouer une trentaine de joueurs en m\u00eame temps (soit 1 jeu Muscles &amp; Fit, 1 jeu de Bingo, 5 jeux de Comptaline d\u00e9butant, 5 jeux de 7 Familles, 5 PCG simplifi\u00e9s du Grapfig) .<\/p>\n\n\n\n<figure class=\"wp-block-table is-style-stripes\"><table><tbody><tr><td>Une mallette compl\u00e8te avec les 4 jeux<\/td><td class=\"has-text-align-right\" data-align=\"right\">300 \u20ac<\/td><\/tr><tr><td>La mallette suppl\u00e9mentaire<\/td><td class=\"has-text-align-right\" data-align=\"right\">280 \u20ac<\/td><\/tr><tr><td>Un jeu de Muscles &amp; Fit (8 groupes de 3 \u00e0 4 joueurs)<\/td><td class=\"has-text-align-right\" data-align=\"right\">80 \u20ac<\/td><\/tr><tr><td>Un jeu de Bingo (30 joueurs en bin\u00f4me)<\/td><td class=\"has-text-align-right\" data-align=\"right\">80 \u20ac<\/td><\/tr><tr><td>Un jeu de Comptaline d\u00e9butant ( 4 ou 6 joueurs en bin\u00f4me)<\/td><td class=\"has-text-align-right\" data-align=\"right\">20 \u20ac<\/td><\/tr><tr><td>Extension Comptaline (\u00e0 l&#8217;unit\u00e9)<\/td><td class=\"has-text-align-right\" data-align=\"right\">20 \u20ac<\/td><\/tr><tr><td>Un jeu de 7 Familles (6 joueurs en bin\u00f4me)<\/td><td class=\"has-text-align-right\" data-align=\"right\">20 \u20ac<\/td><\/tr><tr><td>Un PCG simplifi\u00e9 du Grapfig<\/td><td class=\"has-text-align-right\" data-align=\"right\">5 \u20ac<\/td><\/tr><tr><td>Formation d\u2019une journ\u00e9e<\/td><td class=\"has-text-align-right\" data-align=\"right\">300 \u20ac<\/td><\/tr><\/tbody><\/table><\/figure>\n\n\n\n<p>Vente \u00e0 l\u2019unit\u00e9 d\u2019\u00e9l\u00e9ments des mallettes :&nbsp;nous consulter<\/p>\n\n\n\n<p>Envoyez le bon de commande (colonne de droite) au GRAPFIG par mail \u00e0 <a href=\"mailto:contact@grapfig.net\">contact@grapfig.net<\/a><\/p>\n\n\n\n<p>Les documents attach\u00e9s aux mallettes sont envoy\u00e9s par mail.<\/p>\n\n\n\n<p>N\u2019h\u00e9sitez\npas \u00e0 nous contacter pour nous faire part de vos questions et commentaires.<\/p>\n","protected":false},"excerpt":{"rendered":"<p>Depuis de nombreuses ann\u00e9es, le GRAPFIG con\u00e7oit et r\u00e9alise des jeux et des cas originaux d\u2019initiation \u00e0 la comptabilit\u00e9 et \u00e0 la gestion, notamment le \u00ab&nbsp;jeu de plateau&nbsp;\u00bb La mar\u00e9e fraternelle. Initialement utilis\u00e9s dans les d\u00e9partements tertiaires des IUT et cycles classiques universitaires, ces jeux sont d\u00e9sormais \u00e9galement largement diffus\u00e9s\u2026 <a class=\"continue-reading-link\" href=\"https:\/\/grapfig.net\/?page_id=1690\">Continue reading<\/a><\/p>\n","protected":false},"author":1,"featured_media":0,"parent":16,"menu_order":0,"comment_status":"closed","ping_status":"closed","template":"","meta":{"ngg_post_thumbnail":0,"footnotes":""},"folder":[],"class_list":["post-1690","page","type-page","status-publish","hentry"],"_links":{"self":[{"href":"https:\/\/grapfig.net\/index.php?rest_route=\/wp\/v2\/pages\/1690","targetHints":{"allow":["GET"]}}],"collection":[{"href":"https:\/\/grapfig.net\/index.php?rest_route=\/wp\/v2\/pages"}],"about":[{"href":"https:\/\/grapfig.net\/index.php?rest_route=\/wp\/v2\/types\/page"}],"author":[{"embeddable":true,"href":"https:\/\/grapfig.net\/index.php?rest_route=\/wp\/v2\/users\/1"}],"replies":[{"embeddable":true,"href":"https:\/\/grapfig.net\/index.php?rest_route=%2Fwp%2Fv2%2Fcomments&post=1690"}],"version-history":[{"count":44,"href":"https:\/\/grapfig.net\/index.php?rest_route=\/wp\/v2\/pages\/1690\/revisions"}],"predecessor-version":[{"id":2167,"href":"https:\/\/grapfig.net\/index.php?rest_route=\/wp\/v2\/pages\/1690\/revisions\/2167"}],"up":[{"embeddable":true,"href":"https:\/\/grapfig.net\/index.php?rest_route=\/wp\/v2\/pages\/16"}],"wp:attachment":[{"href":"https:\/\/grapfig.net\/index.php?rest_route=%2Fwp%2Fv2%2Fmedia&parent=1690"}],"wp:term":[{"taxonomy":"folder","embeddable":true,"href":"https:\/\/grapfig.net\/index.php?rest_route=%2Fwp%2Fv2%2Ffolder&post=1690"}],"curies":[{"name":"wp","href":"https:\/\/api.w.org\/{rel}","templated":true}]}}