{"id":1775,"date":"2019-05-30T14:36:17","date_gmt":"2019-05-30T13:36:17","guid":{"rendered":"http:\/\/grapfig.net\/?page_id=1775"},"modified":"2023-05-13T11:59:26","modified_gmt":"2023-05-13T10:59:26","slug":"muscles-fit","status":"publish","type":"page","link":"https:\/\/grapfig.net\/?page_id=1775","title":{"rendered":"Muscles &#038; Fit"},"content":{"rendered":"\n<p>Muscles &amp; Fit est un jeu d&#8217;initiation \u00e0 la construction du bilan comptable et du compte de r\u00e9sultat.<\/p>\n\n\n\n<p>Niveau : d\u00e9butant<\/p>\n\n\n\n<p>Connaissances travaill\u00e9es :  contenu du bilan et du compte de r\u00e9sultat, distinction b\u00e9n\u00e9fice \/ tr\u00e9sorerie. <\/p>\n\n\n\n<p><strong>OBJECTIF P\u00c9DAGOGIQUE<\/strong><\/p>\n\n\n\n<p>Les joueurs doivent \u00e9tablir le bilan et le compte de\nr\u00e9sultat d\u2019une entreprise (salle de musculation) \u00e0 partir d\u2019un \u00e9nonc\u00e9 commun\ncompl\u00e9t\u00e9 par des cartes tir\u00e9es al\u00e9atoirement. Les donn\u00e9es ont \u00e9t\u00e9 choisies de\nfa\u00e7on \u00e0 ce que certaines entreprises aient un b\u00e9n\u00e9fice important mais une\ntr\u00e9sorerie faible, alors que d\u2019autres auront une tr\u00e9sorerie importante mais un\nb\u00e9n\u00e9fice faible. Il est \u00e9galement possible de travailler \u00e0 l\u2019envers et de\nretrouver les donn\u00e9es \u00e0 partir d\u2019un bilan et d\u2019un compte de r\u00e9sultat\npr\u00e9alablement \u00e9tabli.<\/p>\n\n\n\n<p>Il s\u2019agit d\u2019un exercice \u00ab&nbsp;classique&nbsp;\u00bb mais\nson habillage ludique permet une bien meilleure implication des \u00e9tudiants.<\/p>\n\n\n\n<p>Ce jeu convient aussi bien aux \u00e9tudiants de fili\u00e8res\nde gestion qu\u2019aux non sp\u00e9cialistes de la gestion.<\/p>\n\n\n\n<p><strong>PUBLIC CIBLE<\/strong><\/p>\n\n\n\n<ul class=\"wp-block-list\">\n<li>El\u00e8ves des lyc\u00e9es, \u00e9tudiants en      formation initiale des fili\u00e8res de gestion (bac technologique, bac      professionnel, BTS, BUT, Licence Professionnelle, Ecole de commerce etc \u2026)<\/li>\n\n\n\n<li>Auditeurs de la formation      continue inscrits dans un cycle d\u2019initiation \u00e0 la comptabilit\u00e9.<\/li>\n\n\n\n<li>Non sp\u00e9cialistes de la gestion,      curieux de d\u00e9couvrir les documents financiers (Ecole d\u2019Ing\u00e9nieurs, Master      Scientifique\u2026).<\/li>\n<\/ul>\n\n\n\n<p><strong>NIVEAU REQUIS ET SUGGESTIONS\nD\u2019UTILISATION<\/strong><\/p>\n\n\n\n<p>Ce jeu correspond au niveau d\u00e9butant et peut \u00eatre utilis\u00e9 apr\u00e8s les tout premiers cours de comptabilit\u00e9 \/ gestion financi\u00e8re dans le cadre d\u2019applications du cours ou bien de r\u00e9vision.<\/p>\n\n\n\n<p>Il permet \u00e9galement de g\u00e9rer l\u2019h\u00e9t\u00e9rog\u00e9n\u00e9it\u00e9 d\u2019une classe en faisant travailler les \u00e9tudiants en groupe, et en permettant aux groupes les plus avanc\u00e9s de retrouver les cartes tir\u00e9es en fonction de bilans et comptes de r\u00e9sultat pr\u00e9\u00e9tablis, pendant que les groupes moins avanc\u00e9s terminent leur bilan et compte de r\u00e9sultat.<\/p>\n\n\n\n<p>Il peut aussi \u00eatre utilis\u00e9 en mini s\u00e9minaire de rentr\u00e9e pour remobiliser de fa\u00e7on ludique les \u00e9tudiants apr\u00e8s les mois d&#8217;\u00e9t\u00e9.<\/p>\n\n\n\n<p>Un jeu Muscles &amp; Fit permet de faire jouer 8 groupes simultan\u00e9ment. En fonction des objectifs p\u00e9dagogiques, les groupes d&#8217;apprenants peuvent \u00eatre de 2 \u00e0 4.<\/p>\n\n\n\n<p><strong>CONDITIONS DE VENTE<\/strong><\/p>\n\n\n\n<p>Muscles &amp; Fit est compos\u00e9 d&#8217;un \u00e9nonc\u00e9,  d&#8217;un jeu de cartes \u00e0 tirer, d&#8217;une correction comportant les 8 cas de figures possibles et d&#8217;une notice p\u00e9dagogique destin\u00e9e \u00e0 l\u2019animateur.<\/p>\n\n\n\n<p>Un jeu  Muscle &amp; Fit (pour 8 groupes de 3 \u00e0 4 joueurs)&nbsp;&nbsp;&nbsp;&nbsp;&nbsp;&nbsp;&nbsp;&nbsp;&nbsp;&nbsp;&nbsp;&nbsp;&nbsp;&nbsp;&nbsp;&nbsp;&nbsp;&nbsp;&nbsp;&nbsp;&nbsp;&nbsp; 80 \u20ac<\/p>\n\n\n\n<p>Les documents attach\u00e9s aux mallettes sont envoy\u00e9s par mail.<\/p>\n\n\n\n<p>Envoyez le bon de commande (partie droite de la page) par mail \u00e0 <a href=\"mailto:contact@grapfig.net\">contact@grapfig.net<\/a><\/p>\n\n\n\n<p>N\u2019h\u00e9sitez\npas \u00e0 nous contacter pour nous faire part de vos questions et commentaires.<\/p>\n","protected":false},"excerpt":{"rendered":"<p>Muscles &amp; Fit est un jeu d&#8217;initiation \u00e0 la construction du bilan comptable et du compte de r\u00e9sultat. Niveau : d\u00e9butant Connaissances travaill\u00e9es : contenu du bilan et du compte de r\u00e9sultat, distinction b\u00e9n\u00e9fice \/ tr\u00e9sorerie. OBJECTIF P\u00c9DAGOGIQUE Les joueurs doivent \u00e9tablir le bilan et le compte de r\u00e9sultat d\u2019une\u2026 <a class=\"continue-reading-link\" href=\"https:\/\/grapfig.net\/?page_id=1775\">Continue reading<\/a><\/p>\n","protected":false},"author":1,"featured_media":0,"parent":0,"menu_order":0,"comment_status":"closed","ping_status":"closed","template":"","meta":{"ngg_post_thumbnail":0,"footnotes":""},"folder":[],"class_list":["post-1775","page","type-page","status-publish","hentry"],"_links":{"self":[{"href":"https:\/\/grapfig.net\/index.php?rest_route=\/wp\/v2\/pages\/1775","targetHints":{"allow":["GET"]}}],"collection":[{"href":"https:\/\/grapfig.net\/index.php?rest_route=\/wp\/v2\/pages"}],"about":[{"href":"https:\/\/grapfig.net\/index.php?rest_route=\/wp\/v2\/types\/page"}],"author":[{"embeddable":true,"href":"https:\/\/grapfig.net\/index.php?rest_route=\/wp\/v2\/users\/1"}],"replies":[{"embeddable":true,"href":"https:\/\/grapfig.net\/index.php?rest_route=%2Fwp%2Fv2%2Fcomments&post=1775"}],"version-history":[{"count":10,"href":"https:\/\/grapfig.net\/index.php?rest_route=\/wp\/v2\/pages\/1775\/revisions"}],"predecessor-version":[{"id":2173,"href":"https:\/\/grapfig.net\/index.php?rest_route=\/wp\/v2\/pages\/1775\/revisions\/2173"}],"wp:attachment":[{"href":"https:\/\/grapfig.net\/index.php?rest_route=%2Fwp%2Fv2%2Fmedia&parent=1775"}],"wp:term":[{"taxonomy":"folder","embeddable":true,"href":"https:\/\/grapfig.net\/index.php?rest_route=%2Fwp%2Fv2%2Ffolder&post=1775"}],"curies":[{"name":"wp","href":"https:\/\/api.w.org\/{rel}","templated":true}]}}